{"id":975,"date":"2022-01-13T00:10:03","date_gmt":"2022-01-12T23:10:03","guid":{"rendered":"https:\/\/www.picgor.it\/picgor\/?page_id=975"},"modified":"2023-01-02T23:50:16","modified_gmt":"2023-01-02T22:50:16","slug":"2022-2","status":"publish","type":"page","link":"https:\/\/www.picgor.it\/picgor\/?page_id=975","title":{"rendered":"Anno 2022"},"content":{"rendered":"\n<p><a href=\"https:\/\/www.picgor.it\/picgor\/wp-content\/uploads\/2023\/01\/Circ1822.pdf\" target=\"_blank\" rel=\"noreferrer noopener\">18\/2022<\/a><\/p>\n\n\n\n<p>Legge finanziaria per il 2023. Le novit\u00e0 in ambito giuslavoristico.<\/p>\n\n\n\n<p><a href=\"https:\/\/www.picgor.it\/picgor\/wp-content\/uploads\/2023\/01\/Circ1722.pdf\" target=\"_blank\" rel=\"noreferrer noopener\">17\/2022<\/a><\/p>\n\n\n\n<p>Erogazione di beni e servizi o rimborso di bollette con limite a 3.000 \u20acuro per il 2022 (vedi facsimile <a href=\"https:\/\/www.picgor.it\/picgor\/wp-content\/uploads\/2023\/01\/Circ1722-facsimile-dichiarazione-sostitutiva-utenze.pdf\" target=\"_blank\" rel=\"noreferrer noopener\">atto sostitutivo di notoriet\u00e0<\/a>). La prescrizione non decorre pi\u00f9 in costanza di rapporto di lavoro, neanche per le aziende pi\u00f9 grandi. Lavoro intermittente (a chiamata) con preavviso ridotto. Co.co.co. e inserimento dell&#8217;organizzazione del committente.<\/p>\n\n\n\n<p><a href=\"https:\/\/www.picgor.it\/picgor\/wp-content\/uploads\/2022\/08\/Circ1622.pdf\" target=\"_blank\" rel=\"noreferrer noopener\">16\/2022<\/a><\/p>\n\n\n\n<p>Lavoro agile: ulteriori precisazioni (con <a href=\"https:\/\/www.picgor.it\/picgor\/wp-content\/uploads\/2022\/08\/Circ1622-DM-22-08-2022-n-149-modulistica-e-istruzioni.pdf\" target=\"_blank\" rel=\"noreferrer noopener\">decreto ministeriale e facsimile della comunicazione telematica<\/a>).   Aumento del tasso di interesse della BCE e variazione della misura dell&#8217;interesse di dilazione e differimento e delle somme aggiuntive e sanzioni civili. Circolare INPS 98\/2022. Aumento del tasso di interesse della BCE e conseguenze sui prestiti a tasso zero concessi ai dipendenti. Ulteriori precisazioni sull&#8217;aumento dell&#8217;esenzione dei fringe benefits. Tirocini extracurriculari &#8220;fraudolenti&#8221; e sanzione penale dal 1.1.2022.<\/p>\n\n\n\n<p><a rel=\"noreferrer noopener\" href=\"https:\/\/www.picgor.it\/picgor\/wp-content\/uploads\/2022\/08\/Circ1522.pdf\" target=\"_blank\">15\/2022<\/a><\/p>\n\n\n\n<p>Dal 1\u00b0 settembre il lavoro agile torna alla disciplina ordinaria (con <a href=\"https:\/\/www.picgor.it\/picgor\/wp-content\/uploads\/2022\/08\/Circ1522-facsimile-accordo-lavoro-agile.pdf\" target=\"_blank\" rel=\"noreferrer noopener\">facsimile di accordo individuale<\/a>).<\/p>\n\n\n\n<p><a rel=\"noreferrer noopener\" href=\"https:\/\/www.picgor.it\/picgor\/wp-content\/uploads\/2022\/08\/Circ1422.pdf\" target=\"_blank\">14\/2022<\/a><\/p>\n\n\n\n<p>Novit\u00e0 estive: misure fiscali in materia di welfare, aumento dell&#8217;esonero contributivo a carico lavoratore per il 2022,  una tantum di 200 \u20acuro a chi ne era rimasto escluso per non avere imponibile INPS nei primi 4 mesi del 2022<\/p>\n\n\n\n<p><a href=\"https:\/\/www.picgor.it\/picgor\/wp-content\/uploads\/2022\/08\/Circ1322.pdf\" target=\"_blank\" rel=\"noreferrer noopener\">13\/2022<\/a><\/p>\n\n\n\n<p>Orario part-time fittizio e reato di sfruttamento del lavoro<\/p>\n\n\n\n<p><a href=\"https:\/\/www.picgor.it\/picgor\/wp-content\/uploads\/2022\/08\/Circ1222.pdf\" target=\"_blank\" rel=\"noreferrer noopener\">12\/2022<\/a><\/p>\n\n\n\n<p>Dal 13 agosto entrano in vigore importanti novit\u00e0 in materia di congedi per il padre lavoratore, congedi parentali e straordinari, permessi per legge 104<\/p>\n\n\n\n<p><a href=\"https:\/\/www.picgor.it\/picgor\/wp-content\/uploads\/2022\/08\/Circ1122.pdf\" target=\"_blank\" rel=\"noreferrer noopener\">11\/2022<\/a><\/p>\n\n\n\n<p>Decreto trasparenza: le novit\u00e0 in materia di contratti (scarica il <a href=\"https:\/\/www.picgor.it\/picgor\/wp-content\/uploads\/2022\/08\/Circ1122-facsimile-contratto.pdf\">facsimile<\/a> di contratto e di <a href=\"https:\/\/www.picgor.it\/picgor\/wp-content\/uploads\/2022\/08\/Circ1122-facsimile-Commercio-informativa-D.Lgs_.-104-2022.pdf\">informativa<\/a>). Decreto trasparenza: le altre modifiche introdotte.<\/p>\n\n\n\n<p><a href=\"https:\/\/www.picgor.it\/picgor\/wp-content\/uploads\/2022\/08\/Circ1022.pdf\" target=\"_blank\" rel=\"noreferrer noopener\">10\/2022<\/a><\/p>\n\n\n\n<p>Lo scorso 30.6.2022 sottoscritto il protocollo di aggiornamento delle misure antiCOVID<\/p>\n\n\n\n<p><a href=\"https:\/\/www.picgor.it\/picgor\/wp-content\/uploads\/2022\/07\/Circ0922.pdf\" target=\"_blank\" rel=\"noreferrer noopener\">9\/2022<\/a><\/p>\n\n\n\n<p>Indennit\u00e0 una tantum di 200 \u20acuro per i lavoratori dipendenti<\/p>\n\n\n\n<p><a href=\"https:\/\/www.picgor.it\/picgor\/wp-content\/uploads\/2022\/07\/Circ0822.pdf\" target=\"_blank\" rel=\"noreferrer noopener\">8\/2022<\/a><\/p>\n\n\n\n<p>Indennit\u00e0 una tantum di 200 \u20acuro per i lavoratori dipendenti e per altre categorie di soggetti. <br>Dl 24\/2022: nella legge di conversione di prossima emanazione novit\u00e0 per lavoro agile e lavoratori fragili<\/p>\n\n\n\n<p><a href=\"https:\/\/www.picgor.it\/picgor\/wp-content\/uploads\/2022\/07\/Circ0722.pdf\">7\/<\/a><a href=\"https:\/\/www.picgor.it\/picgor\/wp-content\/uploads\/2022\/07\/Circ0722.pdf\" target=\"_blank\" rel=\"noreferrer noopener\">2<\/a><a href=\"https:\/\/www.picgor.it\/picgor\/wp-content\/uploads\/2022\/07\/Circ0722.pdf\">022<\/a><\/p>\n\n\n\n<p>Badge aziendale e app di rilevazione presenze: ammissibilit\u00e0 e condizioni d&#8217;uso<br>(a cura di Francesca Cuzzetto)<\/p>\n\n\n\n<p><a href=\"https:\/\/www.picgor.it\/picgor\/wp-content\/uploads\/2022\/07\/Circ0622.pdf\" target=\"_blank\" rel=\"noreferrer noopener\">6\/2022<\/a><\/p>\n\n\n\n<p>Cosa cambia dal 1\u00b0 maggio per mascherine e certificato verde.<br>Comunicazione di utilizzo del lavoro occasionale: dal 1\u00b0 maggio obbligatorio il servizio telematico ad hoc ma si posso ancora inviare via e-mail<\/p>\n\n\n\n<p><a href=\"https:\/\/www.picgor.it\/picgor\/wp-content\/uploads\/2022\/07\/Circ0522.pdf\" target=\"_blank\" rel=\"noreferrer noopener\">5\/2022<\/a><\/p>\n\n\n\n<p>Slitta al 1.1.2023 l&#8217;abbassamento del limite ai pagamenti con denaro contante: per tutto il 2022 il limite torna a 2.000 \u20acuro.<br>Prorogato al 30 giugno 2022 il lavoro agile (smart working) emergenziale, senza necessit\u00e0 di accordo con il lavoratore.<br>Sunto delle principali novit\u00e0 contenute nel DL 24\/2022.<br>Bonus carburante ai dipendenti.<br>Nuove disposizioni in materia di tirocini<\/p>\n\n\n\n<p><a href=\"https:\/\/www.picgor.it\/picgor\/wp-content\/uploads\/2022\/07\/Circ0422.pdf\" target=\"_blank\" rel=\"noreferrer noopener\">4\/2022<\/a><\/p>\n\n\n\n<p>La geolocalizzazione: ammissibilit\u00e0 dei controlli satellitari e sue condizioni<br>(a cura di Francesca Cuzzetto)<\/p>\n\n\n\n<p><a rel=\"noreferrer noopener\" href=\"https:\/\/www.picgor.it\/picgor\/wp-content\/uploads\/2022\/07\/Circ0322.pdf\" target=\"_blank\">3\/2022<\/a><\/p>\n\n\n\n<p>La riforma dell&#8217;IRPEF. L&#8217;assegno unico e gli effetti sulla busta paga.<br>(<a href=\"https:\/\/www.picgor.it\/picgor\/wp-content\/uploads\/2022\/07\/Circ0322-Circolare-Fondazione-Studi-CDL.pdf\">leggi<\/a> la circolare della Fondazione Studi dei Consulenti del Lavoro sull&#8217;argomento)<br>Assegno unico per i figli dal 1.3.2022 spariscono gli ANF in busta paga e le detrazioni per figli a carico per i quali viene pagato l&#8217;assegno unico.<br>Dal 1.1.2022 aumentano il contributo esonerativo per i disabili e le sanzioni della legge 68\/1999.<br>Quarantena, malattia da COVID 19 e assenza dal lavoro.<br>Dal 1.1.2022 il congedo di paternit\u00e0 (obbligatorio e facoltativo) diventa strutturale.<\/p>\n\n\n\n<p><a rel=\"noreferrer noopener\" href=\"https:\/\/www.picgor.it\/picgor\/wp-content\/uploads\/2022\/01\/Circ0222.pdf\" target=\"_blank\">2\/2022<\/a><\/p>\n\n\n\n<p>Estensione dell&#8217;obbligo vaccinale agli over 50.<br>Altre disposizioni in materia di certificazioni verdi.<br>Comunicazione preventiva per i lavoratori occasionali: ulteriori precisazioni dell&#8217;I.N.L.<\/p>\n\n\n\n<p><a rel=\"noreferrer noopener\" href=\"https:\/\/www.picgor.it\/picgor\/wp-content\/uploads\/2022\/01\/Circ0122.pdf\" target=\"_blank\">1\/2022<\/a><\/p>\n\n\n\n<p>Lavoro stabile per gli under 36: niente contributi per tre anni per le assunzioni effettuate fino al 31.12.2022<br>Dal 1.1.2022 il limite per l&#8217;utilizzo del denaro contante scende a 1.000 \u20acuro <br>Dal 1.1.2023 in vigore le sanzioni per chi non accetta pagamenti con carte di debito e credito<br>Obbligo di comunicazione preventiva per le collaborazioni saltuarie e occasionali<br>Dal 1.3.2022 debutta l&#8217;assegno unico. Le domande possono essere presentate dal 1.1.2022<\/p>\n\n\n\n<p><\/p>\n\n\n\n<p><\/p>\n\n\n\n<p><\/p>\n\n\n\n<p><\/p>\n\n\n\n<p><\/p>\n\n\n\n<p><\/p>\n\n\n\n<p><\/p>\n\n\n\n<p><\/p>\n\n\n\n<p><\/p>\n\n\n\n<p><\/p>\n","protected":false},"excerpt":{"rendered":"<p>18\/2022 Legge finanziaria per il 2023. Le novit\u00e0 in ambito giuslavoristico. 17\/2022 Erogazione di beni e servizi o rimborso di bollette con limite a 3.000 \u20acuro per il 2022 (vedi facsimile atto sostitutivo di notoriet\u00e0). La prescrizione non decorre pi\u00f9 in costanza di rapporto di lavoro, neanche per le aziende pi\u00f9 grandi. Lavoro intermittente (a [&hellip;]<\/p>\n","protected":false},"author":1,"featured_media":0,"parent":34,"menu_order":15,"comment_status":"closed","ping_status":"closed","template":"","meta":{"footnotes":""},"_links":{"self":[{"href":"https:\/\/www.picgor.it\/picgor\/index.php?rest_route=\/wp\/v2\/pages\/975"}],"collection":[{"href":"https:\/\/www.picgor.it\/picgor\/index.php?rest_route=\/wp\/v2\/pages"}],"about":[{"href":"https:\/\/www.picgor.it\/picgor\/index.php?rest_route=\/wp\/v2\/types\/page"}],"author":[{"embeddable":true,"href":"https:\/\/www.picgor.it\/picgor\/index.php?rest_route=\/wp\/v2\/users\/1"}],"replies":[{"embeddable":true,"href":"https:\/\/www.picgor.it\/picgor\/index.php?rest_route=%2Fwp%2Fv2%2Fcomments&post=975"}],"version-history":[{"count":0,"href":"https:\/\/www.picgor.it\/picgor\/index.php?rest_route=\/wp\/v2\/pages\/975\/revisions"}],"up":[{"embeddable":true,"href":"https:\/\/www.picgor.it\/picgor\/index.php?rest_route=\/wp\/v2\/pages\/34"}],"wp:attachment":[{"href":"https:\/\/www.picgor.it\/picgor\/index.php?rest_route=%2Fwp%2Fv2%2Fmedia&parent=975"}],"curies":[{"name":"wp","href":"https:\/\/api.w.org\/{rel}","templated":true}]}}