{"id":6,"date":"2017-11-18T18:16:01","date_gmt":"2017-11-18T18:16:01","guid":{"rendered":"http:\/\/localhost\/wordpress\/?page_id=2"},"modified":"2017-11-22T12:13:53","modified_gmt":"2017-11-22T11:13:53","slug":"sample-page","status":"publish","type":"page","link":"https:\/\/www.picgor.it\/picgor\/?page_id=6","title":{"rendered":"Chi siamo"},"content":{"rendered":"<p>Lo Studio Associato di Consulenza del Lavoro Picchio e Gorretta si trova in Alessandria ed opera da pi\u00f9 di 20 anni; dal 2016 si \u00e8 trasferito nei nuovi e moderni uffici in via Fausto Coppi 3.<\/p>\n<p>Lo Studio si occupa esclusivamente di consulenza del lavoro, curando tutti gli adempimenti relativi alla gestione e amministrazione del personale, dipendente e paraubordinato, occupato nelle imprese, studi professionali o presso altri datori di lavoro, anche pubblici.<\/p>\n<p>Lo Studio \u00e8 dotato di moderne attrezzature informatiche che consentono di poter effettuare la gestione del libro unico del lavoro anche in remoto, attraverso collegamenti remoti su canali protetti (SSH), offrendo ai clienti la possibilit\u00e0 di effettuare in house tutte le elaborazioni, avvalendosi delle strutture informatiche dello Studio e della consulenza fornita dai soci e dai collaboratori. In alternativa, i clienti possono sempre collegari con il server centrale ricavando direttamente tutte le informazioni di cui necessitano.<\/p>\n<p>Pur ritenendo che l&#8217;aspetto qualificante della attivit\u00e0 professionale consista nella consulenza e nella ricerca, nel pi\u00f9 rigoroso rispetto delle norme di legge e di contratto, delle soluzioni ottimali che contemperino le esigenze dei datori di lavoro con i diritti e le aspettative dei lavoratori, grande attenzione viene posta nell&#8217;aggiornamento costante e nell&#8217;adeguamento continuo dei supporti informatici, sia a livello di hardware che di software.<\/p>\n<p>La formazione professionale \u00e8 continua e quotidiana e si realizza principalmente attraverso un aggiornamento costante in relazione alle (non poche) novit\u00e0 legislative, della prassi amministrativa e delle decisioni giurisprudenziali nella materia del diritto del lavoro, sindacale, previdenziale. A ci\u00f2 si aggiunge la frequenza dei momenti formativi resi obbligatori dalle disposizioni ordinistiche in materia.<\/p>\n<p>Lo studio \u00e8 abbonato alle pi\u00f9 importanti riviste e banche dati del settore, al fine di monitorare con attenzione ogni evoluzione della materia, con un aggiornamento il pi\u00f9 possibile tempestivo.<\/p>\n<p>I dati sono trattati e conservati nel pi\u00f9 rigoroso rispetto della normativa sulla privacy e lo studio \u00e8 provvisto di sistemi di disaster recovery in grado di assicurare l&#8217;assoluta integrit\u00e0 dei dati e la continuit\u00e0 del servizio.<\/p>\n","protected":false},"excerpt":{"rendered":"<p>Lo Studio Associato di Consulenza del Lavoro Picchio e Gorretta si trova in Alessandria ed opera da pi\u00f9 di 20 anni; dal 2016 si \u00e8 trasferito nei nuovi e moderni uffici in via Fausto Coppi 3. Lo Studio si occupa esclusivamente di consulenza del lavoro, curando tutti gli adempimenti relativi alla gestione e amministrazione del [&hellip;]<\/p>\n","protected":false},"author":1,"featured_media":0,"parent":0,"menu_order":0,"comment_status":"open","ping_status":"open","template":"","meta":{"footnotes":""},"_links":{"self":[{"href":"https:\/\/www.picgor.it\/picgor\/index.php?rest_route=\/wp\/v2\/pages\/6"}],"collection":[{"href":"https:\/\/www.picgor.it\/picgor\/index.php?rest_route=\/wp\/v2\/pages"}],"about":[{"href":"https:\/\/www.picgor.it\/picgor\/index.php?rest_route=\/wp\/v2\/types\/page"}],"author":[{"embeddable":true,"href":"https:\/\/www.picgor.it\/picgor\/index.php?rest_route=\/wp\/v2\/users\/1"}],"replies":[{"embeddable":true,"href":"https:\/\/www.picgor.it\/picgor\/index.php?rest_route=%2Fwp%2Fv2%2Fcomments&post=6"}],"version-history":[{"count":0,"href":"https:\/\/www.picgor.it\/picgor\/index.php?rest_route=\/wp\/v2\/pages\/6\/revisions"}],"wp:attachment":[{"href":"https:\/\/www.picgor.it\/picgor\/index.php?rest_route=%2Fwp%2Fv2%2Fmedia&parent=6"}],"curies":[{"name":"wp","href":"https:\/\/api.w.org\/{rel}","templated":true}]}}