{"id":34,"date":"2017-11-20T00:22:01","date_gmt":"2017-11-19T23:22:01","guid":{"rendered":"http:\/\/localhost\/wordpress\/?page_id=34"},"modified":"2017-11-22T12:44:57","modified_gmt":"2017-11-22T11:44:57","slug":"circolari-2","status":"publish","type":"page","link":"https:\/\/www.picgor.it\/picgor\/?page_id=34","title":{"rendered":"Circolari"},"content":{"rendered":"<p>Tutti i contenuti del sito web sono propriet\u00e0 esclusiva e riservata dello\u00a0<strong>Studio Associato Picchio e Gorretta<\/strong> e sono protetti dalle vigenti norme nazionali ed internazionali in materia di tutela dei diritti di propriet\u00e0 intellettuale, diritto d\u2019autore e\/o industriale. Nel sito sono riportati documenti (ad es. circolari) elaborati in via esclusiva dallo Studio Associato Picchio e Gorretta, titolare del dominio <strong>www.picgor.it<\/strong><\/p>\n<p>I testi delle leggi, regolamenti ed in genere degli atti ufficiali dello Stato e delle pubbliche amministrazioni, italiane o straniere, sono di pubblico dominio. Tuttavia, in tal caso, il copyright si riferisce alla particolare elaborazione originale, classificazione e forma grafica di presentazione dei testi, qualora i testi stessi non siamo presentati nella loro forma originale.<\/p>\n<p>Con la dizione \u201c<em>sito\u201d<\/em> si fa riferimento ad ogni contenuto ed elemento tecnico-informatico a base del sito web raggiungibile alla URL www.picgor.it, ivi compresi, a titolo esemplificativo e non esaustivo: i software che ne consentono l\u2019operativit\u00e0 ed i relativi codici, i software gestionali propri e di terzi, i testi, le fotografie, i file multimediali indipendentemente dal formato, le soluzioni tecniche adottate, le realizzazioni grafiche, la struttura ed ogni altra parte gi\u00e0 realizzata o da realizzare.<\/p>\n<p>Con la dizione \u201c<em>materiali<\/em>\u201d\u00a0si fa riferimento ad ogni contenuto del sito \u2013 a titolo esemplificativo e non esaustivo: da testi, immagini, realizzazioni grafiche, files, software di ogni tipo, elementi multimediali e\/o ipertestuali &#8211; indipendentemente dai formati, dai supporti che li contengono, dall\u2019estensione, dalla dimensione, dalle versioni in uso, dalle tecniche utilizzate per la loro distribuzione e\/o trasmissione. In particolare I documenti sono costituiti da \u201c<em>circolari<\/em>\u201d e altri documenti d\u2019approfondimento da scaricare o da visualizzare. Questi specifici documenti possono essere consultati da chiunque ma \u00e8 vietata qualiasi forma di utilizzo a fini commerciali.<\/p>\n<p>I materiali pubblicati sul portale potranno essere liberamente utilizzati alle seguenti condizioni:<\/p>\n<ol>\n<li>dovranno rimanere nel loro formato originale e, qualora riprodotti, dovranno sempre recare le indicazioni proprietarie o relative al copyright o agli autori;<\/li>\n<li>l\u2019utilizzo, a qualsiasi titolo e per qualsiasi finalit\u00e0 non deve avere scopo di lucro;<\/li>\n<li>deve essere citata la fonte, l\u2019autore e\/o titolare dei diritti sui materiali ed l\u2019indirizzo web da cui sono stati tratti.<\/li>\n<\/ol>\n<p>Tutte le opere visibili ed eventualmente scaricabili da questo sito sono tutelate dalla legislazione sul diritto d\u2019autore. Si ricorda, pertanto, che per la violazione dei diritti d\u2019autore su queste opere si applicano tutte le sanzioni penali previste dalla vigente legislazione, tra le quali gli articoli 171, 171 bis, 171 ter, 174 bis e 174 ter della legge n. 633\/1941, e potranno essere esperite le azioni civili.<\/p>\n<p>I documenti presenti nel sito dello\u00a0<strong>Studio Associato Picchio e Gorretta<\/strong> sono redatti con cura, tuttavia lo studio non garantisce l\u2019idoneit\u00e0 concreta delle notizie, informazioni, guide e tabelle a soddisfare esigenze specifiche dei clienti: per una consulenza specifica \u00e8 necessario rivolgersi direttamente allo studio per l\u2019analisi sulle specifiche problematiche.<\/p>\n<p>I documenti presenti nel sito non impegnano lo <strong>Studio Associato Picchio e Gorretta<\/strong> e sono resi per mere finalit\u00e0 informative e divulgative; detti documenti non assumono, n\u00e9 acquiscono, natura di consulenza, parere legale e simili; solo i pareri <strong>scritti<\/strong> forniti su richiesta specifica del cliente e inviati esclusivamente via mail in forma riservata al cliente, impegnano lo Studio Associato Picchio e Gorretta, anche ai fini di eventuali responsabilit\u00e0 ad esso imputabili.<\/p>\n<p>Si declina ogni responsabilit\u00e0 per eventuali errori ed inesattezze dei testi dei provvedimenti normativi pubblicati non trattandosi di testi ufficiali. Nel sito, come anche nei documenti redatti, sono contenuti collegamenti (link) a siti esterni di natura istituzionale o, comunque, considerati di rilevante interesse: lo Studio, pur garantendo la massima attenzione nell\u2019individuazione dei siti cui si viene indirizzati, non assume alcuna responsabilit\u00e0 sulla correttezza dei contenuti di questi siti e sulla loro fruibilit\u00e0 nonch\u00e9 sulla relativa sicurezza ed assenza di virus o di sistema di tracciatura automatica dell\u2019utente.<\/p>\n","protected":false},"excerpt":{"rendered":"<p>Tutti i contenuti del sito web sono propriet\u00e0 esclusiva e riservata dello\u00a0Studio Associato Picchio e Gorretta e sono protetti dalle vigenti norme nazionali ed internazionali in materia di tutela dei diritti di propriet\u00e0 intellettuale, diritto d\u2019autore e\/o industriale. Nel sito sono riportati documenti (ad es. circolari) elaborati in via esclusiva dallo Studio Associato Picchio e [&hellip;]<\/p>\n","protected":false},"author":1,"featured_media":0,"parent":0,"menu_order":9,"comment_status":"open","ping_status":"closed","template":"","meta":{"footnotes":""},"_links":{"self":[{"href":"https:\/\/www.picgor.it\/picgor\/index.php?rest_route=\/wp\/v2\/pages\/34"}],"collection":[{"href":"https:\/\/www.picgor.it\/picgor\/index.php?rest_route=\/wp\/v2\/pages"}],"about":[{"href":"https:\/\/www.picgor.it\/picgor\/index.php?rest_route=\/wp\/v2\/types\/page"}],"author":[{"embeddable":true,"href":"https:\/\/www.picgor.it\/picgor\/index.php?rest_route=\/wp\/v2\/users\/1"}],"replies":[{"embeddable":true,"href":"https:\/\/www.picgor.it\/picgor\/index.php?rest_route=%2Fwp%2Fv2%2Fcomments&post=34"}],"version-history":[{"count":0,"href":"https:\/\/www.picgor.it\/picgor\/index.php?rest_route=\/wp\/v2\/pages\/34\/revisions"}],"wp:attachment":[{"href":"https:\/\/www.picgor.it\/picgor\/index.php?rest_route=%2Fwp%2Fv2%2Fmedia&parent=34"}],"curies":[{"name":"wp","href":"https:\/\/api.w.org\/{rel}","templated":true}]}}