{"id":1901,"date":"2025-01-23T17:29:57","date_gmt":"2025-01-23T16:29:57","guid":{"rendered":"https:\/\/www.picgor.it\/picgor\/?page_id=1901"},"modified":"2026-01-19T13:05:21","modified_gmt":"2026-01-19T12:05:21","slug":"2025-2","status":"publish","type":"page","link":"https:\/\/www.picgor.it\/picgor\/?page_id=1901","title":{"rendered":"Anno 2025"},"content":{"rendered":"\n<p><\/p>\n\n\n\n<p><a href=\"https:\/\/www.picgor.it\/picgor\/wp-content\/uploads\/2025\/08\/Circ0225.pdf\" target=\"_blank\" rel=\"noreferrer noopener\">2\/2025<\/a><\/p>\n\n\n\n<p>Licenziamenti ilegittimi nelle piccole imprese: \u00e8 incostituzionale il &#8220;tetto&#8221; di sei mensilit\u00e0 imposto all&#8217;indennit\u00e0 risarcitoria. Per le piccole imprese il rischio di causa andr\u00e0 da 3 a 18 mensilit\u00e0 dell&#8217;ultima retribuzione utile per il TFR<\/p>\n\n\n\n<p><a href=\"https:\/\/www.picgor.it\/picgor\/wp-content\/uploads\/2025\/01\/Circ0125.pdf\" target=\"_blank\" rel=\"noreferrer noopener\">1\/2025<\/a><\/p>\n\n\n\n<p>Legge 207\/2024 (manovra 2025): ecco le principali novit\u00e0 di interesse lavoristico e fiscale<\/p>\n","protected":false},"excerpt":{"rendered":"<p>2\/2025 Licenziamenti ilegittimi nelle piccole imprese: \u00e8 incostituzionale il &#8220;tetto&#8221; di sei mensilit\u00e0 imposto all&#8217;indennit\u00e0 risarcitoria. Per le piccole imprese il rischio di causa andr\u00e0 da 3 a 18 mensilit\u00e0 dell&#8217;ultima retribuzione utile per il TFR 1\/2025 Legge 207\/2024 (manovra 2025): ecco le principali novit\u00e0 di interesse lavoristico e fiscale<\/p>\n","protected":false},"author":1,"featured_media":0,"parent":34,"menu_order":12,"comment_status":"closed","ping_status":"closed","template":"","meta":{"footnotes":""},"_links":{"self":[{"href":"https:\/\/www.picgor.it\/picgor\/index.php?rest_route=\/wp\/v2\/pages\/1901"}],"collection":[{"href":"https:\/\/www.picgor.it\/picgor\/index.php?rest_route=\/wp\/v2\/pages"}],"about":[{"href":"https:\/\/www.picgor.it\/picgor\/index.php?rest_route=\/wp\/v2\/types\/page"}],"author":[{"embeddable":true,"href":"https:\/\/www.picgor.it\/picgor\/index.php?rest_route=\/wp\/v2\/users\/1"}],"replies":[{"embeddable":true,"href":"https:\/\/www.picgor.it\/picgor\/index.php?rest_route=%2Fwp%2Fv2%2Fcomments&post=1901"}],"version-history":[{"count":0,"href":"https:\/\/www.picgor.it\/picgor\/index.php?rest_route=\/wp\/v2\/pages\/1901\/revisions"}],"up":[{"embeddable":true,"href":"https:\/\/www.picgor.it\/picgor\/index.php?rest_route=\/wp\/v2\/pages\/34"}],"wp:attachment":[{"href":"https:\/\/www.picgor.it\/picgor\/index.php?rest_route=%2Fwp%2Fv2%2Fmedia&parent=1901"}],"curies":[{"name":"wp","href":"https:\/\/api.w.org\/{rel}","templated":true}]}}