{"id":1172,"date":"2024-01-02T11:48:34","date_gmt":"2024-01-02T10:48:34","guid":{"rendered":"https:\/\/www.picgor.it\/picgor\/?page_id=1172"},"modified":"2026-01-19T13:05:06","modified_gmt":"2026-01-19T12:05:06","slug":"anno-2024","status":"publish","type":"page","link":"https:\/\/www.picgor.it\/picgor\/?page_id=1172","title":{"rendered":"Anno 2024"},"content":{"rendered":"\n<p><a href=\"https:\/\/www.picgor.it\/picgor\/wp-content\/uploads\/2025\/01\/Circ1424.pdf\" target=\"_blank\" rel=\"noreferrer noopener\">14\/2024<\/a><\/p>\n\n\n\n<p>Pubblicato il 28.12.2024 sulla Gazzetta Ufficiale il &#8220;collegato lavoro&#8221; (legge 203\/2024): ecco le novit\u00e0.<\/p>\n\n\n\n<p><a href=\"https:\/\/www.picgor.it\/picgor\/wp-content\/uploads\/2024\/12\/Circ1324.pdf\" target=\"_blank\" rel=\"noreferrer noopener\">13\/2024<\/a><\/p>\n\n\n\n<p>Bonus da 100 euro: nuova circolare dell&#8217;agenzia delle entrate. Scarica il facsimile di <a href=\"https:\/\/www.picgor.it\/picgor\/wp-content\/uploads\/2024\/12\/Circ1324-allegato-domanda-bonus-nuova-bis.pdf\" target=\"_blank\" rel=\"noreferrer noopener\">domanda<\/a> con le modifiche legate alle novit\u00e0 interpretative<\/p>\n\n\n\n<p><a href=\"https:\/\/www.picgor.it\/picgor\/wp-content\/uploads\/2024\/11\/Circ1224.pdf\" target=\"_blank\" rel=\"noreferrer noopener\">12\/2024<\/a><\/p>\n\n\n\n<p>Bonus da 100 euro: un pasticcio corretto in corsa. Scarica il facsimile di <a href=\"https:\/\/www.picgor.it\/picgor\/wp-content\/uploads\/2024\/11\/Circ1224-allegato-domanda-bonus-nuova.pdf\" target=\"_blank\" rel=\"noreferrer noopener\">domanda<\/a><\/p>\n\n\n\n<p><a href=\"https:\/\/www.picgor.it\/picgor\/wp-content\/uploads\/2024\/11\/Circ1124.pdf\" target=\"_blank\" rel=\"noreferrer noopener\">11\/2024<\/a><\/p>\n\n\n\n<p>Bonus da 100 euro per tutti i lavoratori subordinati, a condizione che si tratti di famiglie &#8220;tradizionali&#8221; o monogenitoriali.<\/p>\n\n\n\n<p><a href=\"https:\/\/www.picgor.it\/picgor\/wp-content\/uploads\/2024\/08\/Circ1024-lavoro-sportivo.pdf\" target=\"_blank\" rel=\"noreferrer noopener\">10\/2024<\/a><\/p>\n\n\n\n<p>Aggiornamento del numero monografico sul lavoro sportivo, a seguito delle novit\u00e0 introdotte dal DL 71\/2024. Testo dell&#8217;intervento del dott. Gianluca Gorretta al convegno &#8220;Lavoro sportivo, volontariato e le aps nel mondo delle asd&#8221; tenutosi in Alessandria il 20.3.2024.<\/p>\n\n\n\n<p><a href=\"https:\/\/www.picgor.it\/picgor\/wp-content\/uploads\/2024\/08\/Circ0924.pdf\" target=\"_blank\" rel=\"noreferrer noopener\">9\/2024<\/a><\/p>\n\n\n\n<p>Rischi microclimatici da calore: l&#8217;INL avvia un programma di vigilanza straordinaria per agosto 2024. CIG per condizioni meteo eccezionali dovute a ondate di calore. Pubblicata sul Bollettino Ufficiale della Regione l&#8217;<a href=\"https:\/\/www.picgor.it\/picgor\/wp-content\/uploads\/2024\/08\/ord-1-2024.pdf\" target=\"_blank\" rel=\"noreferrer noopener\">Ordinanza Regione Piemonte 2.8.2024<\/a> sul rischio calore.<\/p>\n\n\n\n<p><a href=\"https:\/\/www.picgor.it\/picgor\/wp-content\/uploads\/2024\/08\/Circ0824.pdf\" target=\"_blank\" rel=\"noreferrer noopener\">8\/2024<\/a><\/p>\n\n\n\n<p>Annunciata l&#8217;ordinanza della regione Piemonte sull&#8217;attivit\u00e0 lavorativa nelle giornate pi\u00f9 calde. Slitta al 20 settembre la scadenza per la trasmissione del rapporto biennale sulla situazione del personale femminile e maschile. Nuove regole sulle compensazioni. Le indicazioni dell&#8217;INPS: in attesa della nuova circolare nulla cambia. Adeguamento del fondo di solidariet\u00e0 per le attivit\u00e0 professionali. Compensazioni dei crediti in F24 non consentita in presenza di debiti iscritti a ruolo.<\/p>\n\n\n\n<p><a href=\"https:\/\/www.picgor.it\/picgor\/wp-content\/uploads\/2024\/07\/Circ0724.pdf\" target=\"_blank\" rel=\"noreferrer noopener\">7\/2024<\/a><\/p>\n\n\n\n<p>Maxideduzione neoassunti 2024. Contratto a termine, nel commercio valgono solo quelle previste dal CCNL. Preavviso e indennit\u00e0 sostitutiva. Lavoro agile: da aprile non \u00e8 pi\u00f9 un diritto esigibile ma resta solo un criterio di priorit\u00e0 per talune categorie. Ferie a ore vietate: obbligatorio il riaccredito. No al riposo compensativo domenicale in una festivit\u00e0 infrasettimanale lavorativa.<\/p>\n\n\n\n<p><a href=\"https:\/\/www.picgor.it\/picgor\/wp-content\/uploads\/2024\/03\/Circ0624.pdf\">6\/2024<\/a><\/p>\n\n\n\n<p>Numero monografico sul lavoro sportivo. Intervento del dott. Gianluca Gorretta al convegno &#8220;Lavoro sportivo, volontariato e le aps nel mondo delle asd&#8221; tenutosi in Alessandria il 20.3.2024<\/p>\n\n\n\n<p><a href=\"https:\/\/www.picgor.it\/picgor\/wp-content\/uploads\/2024\/03\/Circ0524.pdf\">5\/2024<\/a><\/p>\n\n\n\n<p>Inasprita la sanzione penale per l&#8217;appalto illecito. Negli appalti il trattamento economico complessivo \u00e8 basato sul CCNL pi\u00f9 applicato. Inasprite le condizioni di regolarit\u00e0 per la fruizione dei benefici normativi e contributivi<\/p>\n\n\n\n<p><a href=\"https:\/\/www.picgor.it\/picgor\/wp-content\/uploads\/2024\/03\/Circ0424.pdf\" target=\"_blank\" rel=\"noreferrer noopener\">4\/2024<\/a><\/p>\n\n\n\n<p>Esonero dal versamento dei contributi previdenziali a carico delle lavoratrici madri. In allegato la <a href=\"https:\/\/www.picgor.it\/picgor\/wp-content\/uploads\/2024\/03\/Circ0424-allegato-domanda-lavoratrice.pdf\" target=\"_blank\" rel=\"noreferrer noopener\">domanda<\/a><\/p>\n\n\n\n<p><a href=\"https:\/\/www.picgor.it\/picgor\/wp-content\/uploads\/2024\/01\/Circ0324.pdf\" target=\"_blank\" rel=\"noreferrer noopener\">3\/2024<\/a><\/p>\n\n\n\n<p>Novit\u00e0 in materia di compensazione orizzontale sul modello F24. Versamenti minimi di ritenute d&#8217;acconto sul lavoro autonomo. Contribuenti forfettari e con regime di vantaggio e CU 2025<\/p>\n\n\n\n<p><a href=\"https:\/\/www.picgor.it\/picgor\/wp-content\/uploads\/2024\/01\/Circ0224.pdf\" target=\"_blank\" rel=\"noreferrer noopener\">2\/2024<\/a><\/p>\n\n\n\n<p>Entrato in vigore il primo &#8220;modulo&#8221; della delega fiscale, con novit\u00e0 limitate al 2024<\/p>\n\n\n\n<p><a href=\"https:\/\/www.picgor.it\/picgor\/wp-content\/uploads\/2024\/01\/Circ0124.pdf\" target=\"_blank\" rel=\"noreferrer noopener\">1\/2024<\/a><\/p>\n\n\n\n<p>Legge finanziaria per il 2024: novit\u00e0 in materia lavoristica e previdenziale<\/p>\n","protected":false},"excerpt":{"rendered":"<p>14\/2024 Pubblicato il 28.12.2024 sulla Gazzetta Ufficiale il &#8220;collegato lavoro&#8221; (legge 203\/2024): ecco le novit\u00e0. 13\/2024 Bonus da 100 euro: nuova circolare dell&#8217;agenzia delle entrate. Scarica il facsimile di domanda con le modifiche legate alle novit\u00e0 interpretative 12\/2024 Bonus da 100 euro: un pasticcio corretto in corsa. Scarica il facsimile di domanda 11\/2024 Bonus da [&hellip;]<\/p>\n","protected":false},"author":1,"featured_media":0,"parent":34,"menu_order":13,"comment_status":"closed","ping_status":"closed","template":"","meta":{"footnotes":""},"_links":{"self":[{"href":"https:\/\/www.picgor.it\/picgor\/index.php?rest_route=\/wp\/v2\/pages\/1172"}],"collection":[{"href":"https:\/\/www.picgor.it\/picgor\/index.php?rest_route=\/wp\/v2\/pages"}],"about":[{"href":"https:\/\/www.picgor.it\/picgor\/index.php?rest_route=\/wp\/v2\/types\/page"}],"author":[{"embeddable":true,"href":"https:\/\/www.picgor.it\/picgor\/index.php?rest_route=\/wp\/v2\/users\/1"}],"replies":[{"embeddable":true,"href":"https:\/\/www.picgor.it\/picgor\/index.php?rest_route=%2Fwp%2Fv2%2Fcomments&post=1172"}],"version-history":[{"count":0,"href":"https:\/\/www.picgor.it\/picgor\/index.php?rest_route=\/wp\/v2\/pages\/1172\/revisions"}],"up":[{"embeddable":true,"href":"https:\/\/www.picgor.it\/picgor\/index.php?rest_route=\/wp\/v2\/pages\/34"}],"wp:attachment":[{"href":"https:\/\/www.picgor.it\/picgor\/index.php?rest_route=%2Fwp%2Fv2%2Fmedia&parent=1172"}],"curies":[{"name":"wp","href":"https:\/\/api.w.org\/{rel}","templated":true}]}}